{"id":4867,"date":"2024-11-06T15:58:06","date_gmt":"2024-11-06T15:58:06","guid":{"rendered":"https:\/\/byteflows.net\/wp\/forcast\/?page_id=4867"},"modified":"2026-05-07T14:46:02","modified_gmt":"2026-05-07T14:46:02","slug":"home-2","status":"publish","type":"page","link":"https:\/\/sindfesp.org.br\/","title":{"rendered":"Home"},"content":{"rendered":"\t\t<div data-elementor-type=\"wp-page\" data-elementor-id=\"4867\" class=\"elementor elementor-4867\" data-elementor-post-type=\"page\">\n\t\t\t\t\t\t<section class=\"elementor-section elementor-top-section elementor-element elementor-element-190bd37 elementor-section-full_width darkborder elementor-section-height-default elementor-section-height-default\" data-id=\"190bd37\" data-element_type=\"section\" data-e-type=\"section\">\n\t\t\t\t\t\t<div class=\"elementor-container elementor-column-gap-no\">\n\t\t\t\t\t<div class=\"elementor-column elementor-col-100 elementor-top-column elementor-element elementor-element-e2bb1e1\" data-id=\"e2bb1e1\" data-element_type=\"column\" data-e-type=\"column\">\n\t\t\t<div class=\"elementor-widget-wrap elementor-element-populated\">\n\t\t\t\t\t\t<div class=\"elementor-element elementor-element-2d66980 elementor-widget-divider--view-line elementor-widget elementor-widget-divider\" data-id=\"2d66980\" data-element_type=\"widget\" data-e-type=\"widget\" data-widget_type=\"divider.default\">\n\t\t\t\t\t\t\t<div class=\"elementor-divider\">\n\t\t\t<span class=\"elementor-divider-separator\">\n\t\t\t\t\t\t<\/span>\n\t\t<\/div>\n\t\t\t\t\t\t<\/div>\n\t\t\t\t\t<\/div>\n\t\t<\/div>\n\t\t\t\t\t<\/div>\n\t\t<\/section>\n\t\t\t\t<section class=\"elementor-section elementor-top-section elementor-element elementor-element-ed6ddab elementor-section-boxed elementor-section-height-default elementor-section-height-default\" data-id=\"ed6ddab\" data-element_type=\"section\" data-e-type=\"section\">\n\t\t\t\t\t\t<div class=\"elementor-container elementor-column-gap-default\">\n\t\t\t\t\t<div class=\"elementor-column elementor-col-100 elementor-top-column elementor-element elementor-element-d4b1d96\" data-id=\"d4b1d96\" data-element_type=\"column\" data-e-type=\"column\">\n\t\t\t<div class=\"elementor-widget-wrap elementor-element-populated\">\n\t\t\t\t\t\t<div class=\"elementor-element elementor-element-b70658f elementor-widget elementor-widget-empath-heading\" data-id=\"b70658f\" data-element_type=\"widget\" data-e-type=\"widget\" data-widget_type=\"empath-heading.default\">\n\t\t\t\t<div class=\"elementor-widget-container\">\n\t\t\t\t\t<div class=\"bytf__heading-five d-flex justify-content-between align-items-center\">\r\n    <div class=\"title__wrapper d-flex align-items-center\">\r\n        <h2 class=\"bytf__title\">Comunicado de Manuten\u00e7\u00e3o<\/h2>                 <p>Informamos que nosso site est\u00e1 passando por um per\u00edodo de manuten\u00e7\u00e3o para melhorias e atualiza\u00e7\u00f5es.\n\nEstamos atendendo atrav\u00e9s:\nEndere\u00e7o: Avenida S\u00e3o Jo\u00e3o, 313 \u2013 14 Andar \u2013 Centro \u2013 S\u00e3o Paulo \u2013 SP \u2013 01035-905\nFixo: 11 3339-3121 \/ 0800 7712 444\nCelular\/WhatsApp: 11 98759-0197 (Jur\u00eddico)\nE-mail: juridico@sindfesp.org.br\nCelular\/WhatsApp: 11 91938-5372 (Diretoria)\nE-mail: sind@sindfesp.org.br<\/p>\r\n            <\/div>\r\n            <div class=\"btn_wraper\">\r\n            <a aria-label=\"name\" href=\"https:\/\/sindfesp.org.br\/?page_id=2268\" target=\"_blank\" rel=\"nofollow\">\r\n                <span>Saiba mais<\/span>\r\n            <\/a>\r\n        <\/div>\r\n    <\/div>\t\t\t\t<\/div>\n\t\t\t\t<\/div>\n\t\t\t\t<div class=\"elementor-element elementor-element-3ecb0fc elementor-widget elementor-widget-empath-post-grid-col\" data-id=\"3ecb0fc\" data-element_type=\"widget\" data-e-type=\"widget\" data-widget_type=\"empath-post-grid-col.default\">\n\t\t\t\t<div class=\"elementor-widget-container\">\n\t\t\t\t\t<div class=\"bytf__post-wrapper\">\r\n    <div class=\"row\">\r\n       \r\n    <\/div>\r\n<\/div>\t\t\t\t<\/div>\n\t\t\t\t<\/div>\n\t\t\t\t\t<\/div>\n\t\t<\/div>\n\t\t\t\t\t<\/div>\n\t\t<\/section>\n\t\t\t\t<section class=\"elementor-section elementor-top-section elementor-element elementor-element-b289cf7 elementor-section-boxed elementor-section-height-default elementor-section-height-default\" data-id=\"b289cf7\" data-element_type=\"section\" data-e-type=\"section\">\n\t\t\t\t\t\t<div class=\"elementor-container elementor-column-gap-default\">\n\t\t\t\t\t<div class=\"elementor-column elementor-col-100 elementor-top-column elementor-element elementor-element-eda61ed\" data-id=\"eda61ed\" data-element_type=\"column\" data-e-type=\"column\">\n\t\t\t<div class=\"elementor-widget-wrap elementor-element-populated\">\n\t\t\t\t\t\t<div class=\"elementor-element elementor-element-b328a79 elementor-widget elementor-widget-empath-add-banner\" data-id=\"b328a79\" data-element_type=\"widget\" data-e-type=\"widget\" data-widget_type=\"empath-add-banner.default\">\n\t\t\t\t<div class=\"elementor-widget-container\">\n\t\t\t\t\t<div class=\"bytf__add-banner-two-wrapper\">\r\n    <div class=\"bytf__add-banner-two\" style=\"background-image:url(https:\/\/byteflows.net\/wp\/forcast\/wp-content\/uploads\/2025\/01\/banner-bg.webp)\">        \r\n        <div class=\"banner__content\">\r\n            <div class=\"banner__logo\">\r\n                <img decoding=\"async\" src=\"https:\/\/byteflows.net\/wp\/forcast\/wp-content\/uploads\/2025\/01\/add-logo.svg\" alt=\"\">\r\n            <\/div>\r\n            <h3>As it happens, ap newsroom.<\/h3>\r\n\r\n                            <p>Then &amp; Now: How immigration reshaped the look of a Minnesota farm town<\/p>\r\n            \r\n        <\/div>        \r\n        <a href=\"#\" target=\"_blank\" rel=\"nofollow\" aria-label=\"name\">\r\n            <span>Explore Now<\/span>\r\n        <\/a>\r\n    <\/div>\r\n            <span class=\"add__title\">Advertisement<\/span>\r\n    <\/div>\t\t\t\t<\/div>\n\t\t\t\t<\/div>\n\t\t\t\t\t<\/div>\n\t\t<\/div>\n\t\t\t\t\t<\/div>\n\t\t<\/section>\n\t\t\t\t<section class=\"elementor-section elementor-top-section elementor-element elementor-element-266b4ee elementor-section-full_width dark-bg elementor-section-height-default elementor-section-height-default\" data-id=\"266b4ee\" data-element_type=\"section\" data-e-type=\"section\" data-settings=\"{&quot;background_background&quot;:&quot;classic&quot;}\">\n\t\t\t\t\t\t<div class=\"elementor-container elementor-column-gap-no\">\n\t\t\t\t\t<div class=\"elementor-column elementor-col-100 elementor-top-column elementor-element elementor-element-3c0f496\" data-id=\"3c0f496\" data-element_type=\"column\" data-e-type=\"column\">\n\t\t\t<div class=\"elementor-widget-wrap elementor-element-populated\">\n\t\t\t\t\t\t<section class=\"elementor-section elementor-inner-section elementor-element elementor-element-1367058 elementor-section-boxed elementor-section-height-default elementor-section-height-default\" data-id=\"1367058\" data-element_type=\"section\" data-e-type=\"section\">\n\t\t\t\t\t\t<div class=\"elementor-container elementor-column-gap-default\">\n\t\t\t\t\t<div class=\"elementor-column elementor-col-100 elementor-inner-column elementor-element elementor-element-c032ecb\" data-id=\"c032ecb\" data-element_type=\"column\" data-e-type=\"column\">\n\t\t\t<div class=\"elementor-widget-wrap elementor-element-populated\">\n\t\t\t\t\t\t<div class=\"elementor-element elementor-element-7b5daa5 elementor-widget elementor-widget-empath-heading\" data-id=\"7b5daa5\" data-element_type=\"widget\" data-e-type=\"widget\" data-widget_type=\"empath-heading.default\">\n\t\t\t\t<div class=\"elementor-widget-container\">\n\t\t\t\t\t<div class=\"bytf__heading-five d-flex justify-content-between align-items-center\">\r\n    <div class=\"title__wrapper d-flex align-items-center\">\r\n        <h2 class=\"bytf__title\">trending news<\/h2>                 <p>Lorem ipsum dolor sit amet consectetur. Ut tellus suspendisse nulla aliquam. Risus tellus eget ultrices pretium nisi amet facilisis.<\/p>\r\n            <\/div>\r\n            <div class=\"btn_wraper\">\r\n            <a aria-label=\"name\" href=\"https:\/\/byteflows.net\/wp\/forcast\/blog\/\" target=\"_blank\" rel=\"nofollow\">\r\n                <span>See More<\/span>\r\n            <\/a>\r\n        <\/div>\r\n    <\/div>\t\t\t\t<\/div>\n\t\t\t\t<\/div>\n\t\t\t\t\t<\/div>\n\t\t<\/div>\n\t\t\t\t\t<\/div>\n\t\t<\/section>\n\t\t\t\t<section class=\"elementor-section elementor-inner-section elementor-element elementor-element-c1ae0cd elementor-section-boxed elementor-section-height-default elementor-section-height-default\" data-id=\"c1ae0cd\" data-element_type=\"section\" data-e-type=\"section\">\n\t\t\t\t\t\t<div class=\"elementor-container elementor-column-gap-default\">\n\t\t\t\t\t<div class=\"elementor-column elementor-col-50 elementor-inner-column elementor-element elementor-element-fd58c08\" data-id=\"fd58c08\" data-element_type=\"column\" data-e-type=\"column\">\n\t\t\t<div class=\"elementor-widget-wrap elementor-element-populated\">\n\t\t\t\t\t\t<div class=\"elementor-element elementor-element-0b032b2 elementor-widget elementor-widget-empath-post-list\" data-id=\"0b032b2\" data-element_type=\"widget\" data-e-type=\"widget\" data-widget_type=\"empath-post-list.default\">\n\t\t\t\t<div class=\"elementor-widget-container\">\n\t\t\t\t\t<div class=\"bytf__post-list-wrapper\">\r\n     \r\n<\/div>\t\t\t\t<\/div>\n\t\t\t\t<\/div>\n\t\t\t\t\t<\/div>\n\t\t<\/div>\n\t\t\t\t<div class=\"elementor-column elementor-col-50 elementor-inner-column elementor-element elementor-element-d9fd721\" data-id=\"d9fd721\" data-element_type=\"column\" data-e-type=\"column\">\n\t\t\t<div class=\"elementor-widget-wrap elementor-element-populated\">\n\t\t\t\t\t\t<div class=\"elementor-element elementor-element-4a4a0a0 elementor-widget elementor-widget-empath-post-overlay\" data-id=\"4a4a0a0\" data-element_type=\"widget\" data-e-type=\"widget\" data-widget_type=\"empath-post-overlay.default\">\n\t\t\t\t<div class=\"elementor-widget-container\">\n\t\t\t\t\t<div class=\"bytf__post-wrapper\">\r\n   \r\n<\/div>\t\t\t\t<\/div>\n\t\t\t\t<\/div>\n\t\t\t\t\t<\/div>\n\t\t<\/div>\n\t\t\t\t\t<\/div>\n\t\t<\/section>\n\t\t\t\t\t<\/div>\n\t\t<\/div>\n\t\t\t\t\t<\/div>\n\t\t<\/section>\n\t\t\t\t<section class=\"elementor-section elementor-top-section elementor-element elementor-element-8a143a2 elementor-section-boxed elementor-section-height-default elementor-section-height-default\" data-id=\"8a143a2\" data-element_type=\"section\" data-e-type=\"section\" data-settings=\"{&quot;background_background&quot;:&quot;classic&quot;}\">\n\t\t\t\t\t\t<div class=\"elementor-container elementor-column-gap-no\">\n\t\t\t\t\t<div class=\"elementor-column elementor-col-50 elementor-top-column elementor-element elementor-element-e152d49\" data-id=\"e152d49\" data-element_type=\"column\" data-e-type=\"column\">\n\t\t\t<div class=\"elementor-widget-wrap elementor-element-populated\">\n\t\t\t\t\t\t<div class=\"elementor-element elementor-element-9ef03b2 elementor-widget elementor-widget-empath-heading\" data-id=\"9ef03b2\" data-element_type=\"widget\" data-e-type=\"widget\" data-widget_type=\"empath-heading.default\">\n\t\t\t\t<div class=\"elementor-widget-container\">\n\t\t\t\t\t<div class=\"bytf__heading-five d-flex justify-content-between align-items-center\">\r\n    <div class=\"title__wrapper d-flex align-items-center\">\r\n        <h2 class=\"bytf__title\">Latest Posts<\/h2>                 <p>Lorem ipsum dolor sit amet consectetur. Ut tellus suspendisse nulla aliquam. Risus tellus eget ultrices pretium nisi amet facilisis.<\/p>\r\n            <\/div>\r\n    <\/div>\t\t\t\t<\/div>\n\t\t\t\t<\/div>\n\t\t\t\t<div class=\"elementor-element elementor-element-d599499 elementor-widget elementor-widget-empath-post-grid-col\" data-id=\"d599499\" data-element_type=\"widget\" data-e-type=\"widget\" data-widget_type=\"empath-post-grid-col.default\">\n\t\t\t\t<div class=\"elementor-widget-container\">\n\t\t\t\t\t<div class=\"bytf__post-wrapper\">\r\n    <div class=\"row\">\r\n       \r\n    <\/div>\r\n<\/div>\t\t\t\t<\/div>\n\t\t\t\t<\/div>\n\t\t\t\t<div class=\"elementor-element elementor-element-f7352f2 elementor-widget elementor-widget-empath-post-grid-col\" data-id=\"f7352f2\" data-element_type=\"widget\" data-e-type=\"widget\" data-widget_type=\"empath-post-grid-col.default\">\n\t\t\t\t<div class=\"elementor-widget-container\">\n\t\t\t\t\t<div class=\"bytf__post-wrapper\">\r\n    <div class=\"row\">\r\n       \r\n    <\/div>\r\n<\/div>\t\t\t\t<\/div>\n\t\t\t\t<\/div>\n\t\t\t\t<div class=\"elementor-element elementor-element-1c2115d elementor-widget elementor-widget-empath-post-grid-col\" data-id=\"1c2115d\" data-element_type=\"widget\" data-e-type=\"widget\" data-widget_type=\"empath-post-grid-col.default\">\n\t\t\t\t<div class=\"elementor-widget-container\">\n\t\t\t\t\t<div class=\"bytf__post-wrapper\">\r\n    <div class=\"row\">\r\n       \r\n    <\/div>\r\n<\/div>\t\t\t\t<\/div>\n\t\t\t\t<\/div>\n\t\t\t\t<div class=\"elementor-element elementor-element-207582c elementor-widget elementor-widget-empath-post-grid-col\" data-id=\"207582c\" data-element_type=\"widget\" data-e-type=\"widget\" data-widget_type=\"empath-post-grid-col.default\">\n\t\t\t\t<div class=\"elementor-widget-container\">\n\t\t\t\t\t<div class=\"bytf__post-wrapper\">\r\n    <div class=\"row\">\r\n       \r\n    <\/div>\r\n<\/div>\t\t\t\t<\/div>\n\t\t\t\t<\/div>\n\t\t\t\t<div class=\"elementor-element elementor-element-97a1a0e elementor-align-center elementor-widget elementor-widget-button\" data-id=\"97a1a0e\" data-element_type=\"widget\" data-e-type=\"widget\" data-widget_type=\"button.default\">\n\t\t\t\t\t\t\t\t\t\t<a class=\"elementor-button elementor-button-link elementor-size-sm\" href=\"https:\/\/sindfesp.org.br\/?page_id=1831\">\n\t\t\t\t\t\t<span class=\"elementor-button-content-wrapper\">\n\t\t\t\t\t\t\t\t\t<span class=\"elementor-button-text\">Continue lendo<\/span>\n\t\t\t\t\t<\/span>\n\t\t\t\t\t<\/a>\n\t\t\t\t\t\t\t\t<\/div>\n\t\t\t\t\t<\/div>\n\t\t<\/div>\n\t\t\t\t<div class=\"elementor-column elementor-col-50 elementor-top-column elementor-element elementor-element-a590863\" data-id=\"a590863\" data-element_type=\"column\" data-e-type=\"column\">\n\t\t\t<div class=\"elementor-widget-wrap elementor-element-populated\">\n\t\t\t\t\t\t<div class=\"elementor-element elementor-element-2e2afb9 elementor-widget elementor-widget-empath-quote\" data-id=\"2e2afb9\" data-element_type=\"widget\" data-e-type=\"widget\" data-widget_type=\"empath-quote.default\">\n\t\t\t\t<div class=\"elementor-widget-container\">\n\t\t\t\t\t\t\t<div class=\"bytf__quote_wrapper swiper-container text-center quoteslide__active\">\r\n\t\t\t<div class=\"swiper-wrapper\">\r\n\t\t\t\t\t\t\t\t\t<div class=\"swiper-slide\">\r\n\t\t\t\t\t\t<span class=\"quote-icon\"><svg xmlns=\"http:\/\/www.w3.org\/2000\/svg\" width=\"49\" height=\"50\" viewBox=\"0 0 49 50\" fill=\"none\"><path fill-rule=\"evenodd\" clip-rule=\"evenodd\" d=\"M29.7539 10.0061C37.4414 14.9431 41.7121 20.6893 42.5661 27.2448C43.8956 37.4502 34.7691 42.4454 30.1449 37.9573C25.5206 33.4691 28.2926 27.7723 31.641 26.2151C34.9894 24.6578 37.0371 25.2002 36.6799 23.1192C36.3227 21.0384 31.5589 15.2688 27.3737 12.5819C27.096 12.3458 26.9904 11.8876 27.2577 11.54C27.4336 11.3115 27.7786 10.8632 28.2926 10.1951C28.742 9.6109 29.1726 9.63277 29.7539 10.0061Z\" fill=\"#D2D2D2\"><\/path><path fill-rule=\"evenodd\" clip-rule=\"evenodd\" d=\"M9.51517 10.0061C17.2026 14.9431 21.4733 20.6893 22.3273 27.2448C23.6568 37.4502 14.5303 42.4454 9.90605 37.9573C5.28177 33.4691 8.05375 27.7723 11.4022 26.2151C14.7506 24.6578 16.7984 25.2002 16.4411 23.1192C16.0839 21.0384 11.3201 15.2688 7.13489 12.5819C6.85723 12.3458 6.75157 11.8876 7.01903 11.54C7.19482 11.3115 7.53976 10.8632 8.05375 10.1951C8.50322 9.6109 8.93381 9.63277 9.51517 10.0061Z\" fill=\"#D2D2D2\"><\/path><\/svg><\/span>\r\n\t\t\t\t\t\t<p>Lorem ipsum dolor amet consectetur.  ay tellus dummy suspendisse aliquam  any ready to many facilisis.<\/p>\r\n\t\t\t\t\t\t<span class=\"quote-authore\">David Morid<\/span>\r\n\t\t\t\t\t<\/div>\r\n\t\t\t\t\t\t\t\t\t<div class=\"swiper-slide\">\r\n\t\t\t\t\t\t<span class=\"quote-icon\"><svg xmlns=\"http:\/\/www.w3.org\/2000\/svg\" width=\"49\" height=\"50\" viewBox=\"0 0 49 50\" fill=\"none\"><path fill-rule=\"evenodd\" clip-rule=\"evenodd\" d=\"M29.7539 10.0061C37.4414 14.9431 41.7121 20.6893 42.5661 27.2448C43.8956 37.4502 34.7691 42.4454 30.1449 37.9573C25.5206 33.4691 28.2926 27.7723 31.641 26.2151C34.9894 24.6578 37.0371 25.2002 36.6799 23.1192C36.3227 21.0384 31.5589 15.2688 27.3737 12.5819C27.096 12.3458 26.9904 11.8876 27.2577 11.54C27.4336 11.3115 27.7786 10.8632 28.2926 10.1951C28.742 9.6109 29.1726 9.63277 29.7539 10.0061Z\" fill=\"#D2D2D2\"><\/path><path fill-rule=\"evenodd\" clip-rule=\"evenodd\" d=\"M9.51517 10.0061C17.2026 14.9431 21.4733 20.6893 22.3273 27.2448C23.6568 37.4502 14.5303 42.4454 9.90605 37.9573C5.28177 33.4691 8.05375 27.7723 11.4022 26.2151C14.7506 24.6578 16.7984 25.2002 16.4411 23.1192C16.0839 21.0384 11.3201 15.2688 7.13489 12.5819C6.85723 12.3458 6.75157 11.8876 7.01903 11.54C7.19482 11.3115 7.53976 10.8632 8.05375 10.1951C8.50322 9.6109 8.93381 9.63277 9.51517 10.0061Z\" fill=\"#D2D2D2\"><\/path><\/svg><\/span>\r\n\t\t\t\t\t\t<p>Lorem ipsum dolor amet consectetur.  ay tellus dummy suspendisse aliquam  any ready to many facilisis.<\/p>\r\n\t\t\t\t\t\t<span class=\"quote-authore\">Stifin Morid<\/span>\r\n\t\t\t\t\t<\/div>\r\n\t\t\t\t\t\t\t\t\t<div class=\"swiper-slide\">\r\n\t\t\t\t\t\t<span class=\"quote-icon\"><svg xmlns=\"http:\/\/www.w3.org\/2000\/svg\" width=\"49\" height=\"50\" viewBox=\"0 0 49 50\" fill=\"none\"><path fill-rule=\"evenodd\" clip-rule=\"evenodd\" d=\"M29.7539 10.0061C37.4414 14.9431 41.7121 20.6893 42.5661 27.2448C43.8956 37.4502 34.7691 42.4454 30.1449 37.9573C25.5206 33.4691 28.2926 27.7723 31.641 26.2151C34.9894 24.6578 37.0371 25.2002 36.6799 23.1192C36.3227 21.0384 31.5589 15.2688 27.3737 12.5819C27.096 12.3458 26.9904 11.8876 27.2577 11.54C27.4336 11.3115 27.7786 10.8632 28.2926 10.1951C28.742 9.6109 29.1726 9.63277 29.7539 10.0061Z\" fill=\"#D2D2D2\"><\/path><path fill-rule=\"evenodd\" clip-rule=\"evenodd\" d=\"M9.51517 10.0061C17.2026 14.9431 21.4733 20.6893 22.3273 27.2448C23.6568 37.4502 14.5303 42.4454 9.90605 37.9573C5.28177 33.4691 8.05375 27.7723 11.4022 26.2151C14.7506 24.6578 16.7984 25.2002 16.4411 23.1192C16.0839 21.0384 11.3201 15.2688 7.13489 12.5819C6.85723 12.3458 6.75157 11.8876 7.01903 11.54C7.19482 11.3115 7.53976 10.8632 8.05375 10.1951C8.50322 9.6109 8.93381 9.63277 9.51517 10.0061Z\" fill=\"#D2D2D2\"><\/path><\/svg><\/span>\r\n\t\t\t\t\t\t<p>Lorem ipsum dolor amet consectetur.  ay tellus dummy suspendisse aliquam  any ready to many facilisis.<\/p>\r\n\t\t\t\t\t\t<span class=\"quote-authore\">Salman Morid<\/span>\r\n\t\t\t\t\t<\/div>\r\n\t\t\t\t\t\t\t<\/div>\r\n\t\t\t\r\n\t\t<\/div>\r\n\t\t\t\t\t<\/div>\n\t\t\t\t<\/div>\n\t\t\t\t<div class=\"elementor-element elementor-element-ed1e9ac elementor-widget elementor-widget-empath-add-banner\" data-id=\"ed1e9ac\" data-element_type=\"widget\" data-e-type=\"widget\" data-widget_type=\"empath-add-banner.default\">\n\t\t\t\t<div class=\"elementor-widget-container\">\n\t\t\t\t\t<div class=\"bytf__add-banner-three-wrapper\">\r\n    <div class=\"bytf__add-banner-three\">\r\n        <img decoding=\"async\" src=\"https:\/\/byteflows.net\/wp\/forcast\/wp-content\/uploads\/2025\/01\/image-74-1.webp\" alt=\"\">  \r\n        <div class=\"banner__logo\">\r\n            <img decoding=\"async\" src=\"https:\/\/sindfesp.org.br\/wp-content\/uploads\/2026\/05\/Design-sem-nome-21.png\" alt=\"\">\r\n        <\/div>      \r\n        <div class=\"banner__content\">\r\n            <h3>University of South Florida Coach Complications work During Surgery<\/h3>      \r\n            <a href=\"#\" target=\"_blank\" rel=\"nofollow\" aria-label=\"name\">\r\n                <span>Explore Now<\/span>\r\n            <\/a>\r\n        <\/div>  \r\n    <\/div>\r\n<\/div>\t\t\t\t<\/div>\n\t\t\t\t<\/div>\n\t\t\t\t\t<\/div>\n\t\t<\/div>\n\t\t\t\t\t<\/div>\n\t\t<\/section>\n\t\t\t\t<section class=\"elementor-section elementor-top-section elementor-element elementor-element-00f4f5c elementor-section-boxed elementor-section-height-default elementor-section-height-default\" data-id=\"00f4f5c\" data-element_type=\"section\" data-e-type=\"section\">\n\t\t\t\t\t\t<div class=\"elementor-container elementor-column-gap-default\">\n\t\t\t\t\t<div class=\"elementor-column elementor-col-100 elementor-top-column elementor-element elementor-element-13ec5d0\" data-id=\"13ec5d0\" data-element_type=\"column\" data-e-type=\"column\">\n\t\t\t<div class=\"elementor-widget-wrap\">\n\t\t\t\t\t\t\t<\/div>\n\t\t<\/div>\n\t\t\t\t\t<\/div>\n\t\t<\/section>\n\t\t\t\t<\/div>\n\t\t","protected":false},"excerpt":{"rendered":"<p>Comunicado de Manuten\u00e7\u00e3o Informamos que nosso site est\u00e1 passando por um per\u00edodo de manuten\u00e7\u00e3o para melhorias e atualiza\u00e7\u00f5es. Estamos atendendo atrav\u00e9s: Endere\u00e7o: Avenida S\u00e3o Jo\u00e3o, 313 \u2013 14 Andar \u2013 Centro \u2013 S\u00e3o Paulo \u2013 SP \u2013 01035-905 Fixo: 11 3339-3121 \/ 0800 7712 444 Celular\/WhatsApp: 11 98759-0197 (Jur\u00eddico) E-mail: juridico@sindfesp.org.br Celular\/WhatsApp: 11 91938-5372 (Diretoria) [&hellip;]<\/p>\n","protected":false},"author":1,"featured_media":0,"parent":0,"menu_order":0,"comment_status":"closed","ping_status":"closed","template":"elementor_header_footer","meta":{"footnotes":""},"class_list":["post-4867","page","type-page","status-publish","hentry"],"_links":{"self":[{"href":"https:\/\/sindfesp.org.br\/index.php?rest_route=\/wp\/v2\/pages\/4867","targetHints":{"allow":["GET"]}}],"collection":[{"href":"https:\/\/sindfesp.org.br\/index.php?rest_route=\/wp\/v2\/pages"}],"about":[{"href":"https:\/\/sindfesp.org.br\/index.php?rest_route=\/wp\/v2\/types\/page"}],"author":[{"embeddable":true,"href":"https:\/\/sindfesp.org.br\/index.php?rest_route=\/wp\/v2\/users\/1"}],"replies":[{"embeddable":true,"href":"https:\/\/sindfesp.org.br\/index.php?rest_route=%2Fwp%2Fv2%2Fcomments&post=4867"}],"version-history":[{"count":19,"href":"https:\/\/sindfesp.org.br\/index.php?rest_route=\/wp\/v2\/pages\/4867\/revisions"}],"predecessor-version":[{"id":7006,"href":"https:\/\/sindfesp.org.br\/index.php?rest_route=\/wp\/v2\/pages\/4867\/revisions\/7006"}],"wp:attachment":[{"href":"https:\/\/sindfesp.org.br\/index.php?rest_route=%2Fwp%2Fv2%2Fmedia&parent=4867"}],"curies":[{"name":"wp","href":"https:\/\/api.w.org\/{rel}","templated":true}]}}